                                                                                                                                                                                                                                                                                                                                                                                                                                                                                                                                                                                                                                                                                                                                                                                                                                                                                                                                    {"id":3474,"date":"2023-07-24T19:32:30","date_gmt":"2023-07-24T19:32:30","guid":{"rendered":"https:\/\/parsero.app\/shop\/?post_type=product&#038;p=3474"},"modified":"2024-06-30T21:49:54","modified_gmt":"2024-06-30T21:49:54","slug":"teja-termoacustica","status":"publish","type":"product","link":"https:\/\/parsero.com.co\/tienda\/producto\/teja-termoacustica\/","title":{"rendered":"Teja termoac\u00fastica"},"content":{"rendered":"<p>Teja termoac\u00fastica seg\u00fan medida<\/p>\n","protected":false},"excerpt":{"rendered":"<p>Teja termoac\u00fastica seg\u00fan medida<\/p>\n","protected":false},"featured_media":3475,"template":"","meta":[],"product_cat":[236,23],"product_tag":[],"_links":{"self":[{"href":"https:\/\/parsero.com.co\/tienda\/wp-json\/wp\/v2\/product\/3474"}],"collection":[{"href":"https:\/\/parsero.com.co\/tienda\/wp-json\/wp\/v2\/product"}],"about":[{"href":"https:\/\/parsero.com.co\/tienda\/wp-json\/wp\/v2\/types\/product"}],"wp:featuredmedia":[{"embeddable":true,"href":"https:\/\/parsero.com.co\/tienda\/wp-json\/wp\/v2\/media\/3475"}],"wp:attachment":[{"href":"https:\/\/parsero.com.co\/tienda\/wp-json\/wp\/v2\/media?parent=3474"}],"wp:term":[{"taxonomy":"product_cat","embeddable":true,"href":"https:\/\/parsero.com.co\/tienda\/wp-json\/wp\/v2\/product_cat?post=3474"},{"taxonomy":"product_tag","embeddable":true,"href":"https:\/\/parsero.com.co\/tienda\/wp-json\/wp\/v2\/product_tag?post=3474"}],"curies":[{"name":"wp","href":"https:\/\/api.w.org\/{rel}","templated":true}]}}