                                                                                                                                                                                                                                                                                                                                                                                                                                                                                                                                                                                                                                                                                                                                                                                                                                                                                                                                    {"id":3448,"date":"2023-07-24T15:40:10","date_gmt":"2023-07-24T15:40:10","guid":{"rendered":"https:\/\/parsero.app\/shop\/?post_type=product&#038;p=3448"},"modified":"2023-07-24T15:40:10","modified_gmt":"2023-07-24T15:40:10","slug":"tubo-emt-galvanizado-metalico-liviano","status":"publish","type":"product","link":"https:\/\/parsero.com.co\/tienda\/producto\/tubo-emt-galvanizado-metalico-liviano\/","title":{"rendered":"Tubo EMT galvanizado met\u00e1lico liviano"},"content":{"rendered":"<p>Tubo EMT galvanizado met\u00e1lico liviano seg\u00fan medida<\/p>\n","protected":false},"excerpt":{"rendered":"<p>Tubo EMT galvanizado met\u00e1lico liviano seg\u00fan medida<\/p>\n","protected":false},"featured_media":3449,"template":"","meta":[],"product_cat":[253],"product_tag":[],"_links":{"self":[{"href":"https:\/\/parsero.com.co\/tienda\/wp-json\/wp\/v2\/product\/3448"}],"collection":[{"href":"https:\/\/parsero.com.co\/tienda\/wp-json\/wp\/v2\/product"}],"about":[{"href":"https:\/\/parsero.com.co\/tienda\/wp-json\/wp\/v2\/types\/product"}],"wp:featuredmedia":[{"embeddable":true,"href":"https:\/\/parsero.com.co\/tienda\/wp-json\/wp\/v2\/media\/3449"}],"wp:attachment":[{"href":"https:\/\/parsero.com.co\/tienda\/wp-json\/wp\/v2\/media?parent=3448"}],"wp:term":[{"taxonomy":"product_cat","embeddable":true,"href":"https:\/\/parsero.com.co\/tienda\/wp-json\/wp\/v2\/product_cat?post=3448"},{"taxonomy":"product_tag","embeddable":true,"href":"https:\/\/parsero.com.co\/tienda\/wp-json\/wp\/v2\/product_tag?post=3448"}],"curies":[{"name":"wp","href":"https:\/\/api.w.org\/{rel}","templated":true}]}}